{"id":73,"date":"2021-10-16T17:49:59","date_gmt":"2021-10-16T17:49:59","guid":{"rendered":"https:\/\/juanjocarracedo.es\/?page_id=73"},"modified":"2026-04-11T20:01:31","modified_gmt":"2026-04-11T20:01:31","slug":"poemas-en-galego","status":"publish","type":"page","link":"https:\/\/juanjocarracedo.es\/?page_id=73","title":{"rendered":"Poemas en galego"},"content":{"rendered":"\n<figure class=\"wp-block-image size-full is-style-twentytwentyone-border\"><img loading=\"lazy\" decoding=\"async\" width=\"494\" height=\"739\" src=\"https:\/\/juanjocarracedo.es\/wp-content\/uploads\/2026\/04\/Captura-desde-2026-04-11-21-54-07.png\" alt=\"\" class=\"wp-image-178\" srcset=\"https:\/\/juanjocarracedo.es\/wp-content\/uploads\/2026\/04\/Captura-desde-2026-04-11-21-54-07.png 494w, https:\/\/juanjocarracedo.es\/wp-content\/uploads\/2026\/04\/Captura-desde-2026-04-11-21-54-07-201x300.png 201w\" sizes=\"auto, (max-width: 494px) 100vw, 494px\" \/><\/figure>\n\n\n\n<h2 class=\"wp-block-heading\">Po\u00e9tica do tempo detido<\/h2>\n\n\n\n<pre class=\"wp-block-verse\">Non hai tempo xa de met\u00e1foras baldeiras...\nTras tanto pasado inesgotable\no fondo da aldea cheira a tempo morto,\ntras tantos presentes que non dan chegado\no fondo da aldea \u00e9 unha historia intocable,\ntras tantas horas de futuro inm\u00f3bil\no fondo da aldea encheuse de noites\ne a poes\u00eda encheuse de mortos\ne de c\u00f3modas lendas pra non sa\u00edrmos do berce...\ne hoxe anda a berrar a poes\u00eda entre os carballos\nde m\u00e1is,\nhoxe esc\u00f3itanse chegar mundos alleos\npra ceibala\ne botala enriba dos cami\u00f1os a caldeiros\nata que afoguen nas pozas novas\nos cantos de medos e os entroidos de morri\u00f1a\ne as met\u00e1foras se enchan de reloxos suorentos.<\/pre>\n\n\n\n<p class=\"has-text-align-right\">( Madrygal. Revista de Estudios Gallegos 23, 2020)<\/p>\n\n\n\n<h2 class=\"wp-block-heading\">Os mares<\/h2>\n\n\n\n<pre class=\"wp-block-verse\">Os mares de Homero\nencheron as corredoiras de medos,\nencheron as leiras de portos,\nencheron os montes de ollos,\nench\u00e9ronme as mans de remos.<\/pre>\n\n\n<p style=\"text-align: right;\">(Madrygal. Revista de Estudios Gallegos 23, 2020)<\/p>","protected":false},"excerpt":{"rendered":"<p>Po\u00e9tica do tempo detido Non hai tempo xa de met\u00e1foras baldeiras&#8230; Tras tanto pasado inesgotable o fondo da aldea cheira a tempo morto, tras tantos presentes que non dan chegado o fondo da aldea \u00e9 unha historia intocable, tras tantas horas de futuro inm\u00f3bil o fondo da aldea encheuse de noites e a poes\u00eda encheuse&hellip; <a class=\"more-link\" href=\"https:\/\/juanjocarracedo.es\/?page_id=73\">Seguir leyendo <span class=\"screen-reader-text\">Poemas en galego<\/span><\/a><\/p>\n","protected":false},"author":1,"featured_media":0,"parent":0,"menu_order":0,"comment_status":"closed","ping_status":"closed","template":"","meta":{"om_disable_all_campaigns":false,"_monsterinsights_skip_tracking":false,"_monsterinsights_sitenote_active":false,"_monsterinsights_sitenote_note":"","_monsterinsights_sitenote_category":0,"footnotes":""},"class_list":["post-73","page","type-page","status-publish","hentry","entry"],"aioseo_notices":[],"_links":{"self":[{"href":"https:\/\/juanjocarracedo.es\/index.php?rest_route=\/wp\/v2\/pages\/73","targetHints":{"allow":["GET"]}}],"collection":[{"href":"https:\/\/juanjocarracedo.es\/index.php?rest_route=\/wp\/v2\/pages"}],"about":[{"href":"https:\/\/juanjocarracedo.es\/index.php?rest_route=\/wp\/v2\/types\/page"}],"author":[{"embeddable":true,"href":"https:\/\/juanjocarracedo.es\/index.php?rest_route=\/wp\/v2\/users\/1"}],"replies":[{"embeddable":true,"href":"https:\/\/juanjocarracedo.es\/index.php?rest_route=%2Fwp%2Fv2%2Fcomments&post=73"}],"version-history":[{"count":9,"href":"https:\/\/juanjocarracedo.es\/index.php?rest_route=\/wp\/v2\/pages\/73\/revisions"}],"predecessor-version":[{"id":182,"href":"https:\/\/juanjocarracedo.es\/index.php?rest_route=\/wp\/v2\/pages\/73\/revisions\/182"}],"wp:attachment":[{"href":"https:\/\/juanjocarracedo.es\/index.php?rest_route=%2Fwp%2Fv2%2Fmedia&parent=73"}],"curies":[{"name":"wp","href":"https:\/\/api.w.org\/{rel}","templated":true}]}}