{"id":5,"date":"2021-07-25T07:28:03","date_gmt":"2021-07-25T07:28:03","guid":{"rendered":"https:\/\/juanjocarracedo.es\/?page_id=5"},"modified":"2021-10-16T19:16:04","modified_gmt":"2021-10-16T19:16:04","slug":"about","status":"publish","type":"page","link":"https:\/\/juanjocarracedo.es\/?page_id=5","title":{"rendered":"Sobre m\u00ed"},"content":{"rendered":"\n<div class=\"wp-block-columns is-layout-flex wp-container-core-columns-is-layout-9d6595d7 wp-block-columns-is-layout-flex\">\n<div class=\"wp-block-column is-layout-flow wp-block-column-is-layout-flow\" style=\"flex-basis:33.33%\">\n<figure class=\"wp-block-image\"><img decoding=\"async\" src=\"https:\/\/juanjocarracedo.es\/wp-content\/uploads\/2021\/10\/presentacion-52semanas-767x1024.jpg\" alt=\"\"\/><figcaption><em>Foto de Rosa Mari\u00f1o<\/em><\/figcaption><\/figure>\n<\/div>\n\n\n\n<div class=\"wp-block-column is-layout-flow wp-block-column-is-layout-flow\" style=\"flex-basis:66.66%\">\n<p>Juanjo Carracedo naci\u00f3 en Madrid en 1975. Estudi\u00f3 Filolog\u00eda Cl\u00e1sica y Hebrea en la Universidad Complutense. Obtuvo el doctorado con una tesis sobre Ling\u00fc\u00edstica Indoeuropea. Se dedica profesionalmente a la ense\u00f1anza , como profesor de griego de instituto.<\/p>\n<\/div>\n<\/div>\n","protected":false},"excerpt":{"rendered":"<p>Juanjo Carracedo naci\u00f3 en Madrid en 1975. Estudi\u00f3 Filolog\u00eda Cl\u00e1sica y Hebrea en la Universidad Complutense. Obtuvo el doctorado con una tesis sobre Ling\u00fc\u00edstica Indoeuropea. Se dedica profesionalmente a la ense\u00f1anza , como profesor de griego de instituto.<\/p>\n","protected":false},"author":1,"featured_media":0,"parent":0,"menu_order":0,"comment_status":"closed","ping_status":"closed","template":"","meta":{"om_disable_all_campaigns":false,"_monsterinsights_skip_tracking":false,"_monsterinsights_sitenote_active":false,"_monsterinsights_sitenote_note":"","_monsterinsights_sitenote_category":0,"footnotes":""},"class_list":["post-5","page","type-page","status-publish","hentry","entry"],"aioseo_notices":[],"_links":{"self":[{"href":"https:\/\/juanjocarracedo.es\/index.php?rest_route=\/wp\/v2\/pages\/5","targetHints":{"allow":["GET"]}}],"collection":[{"href":"https:\/\/juanjocarracedo.es\/index.php?rest_route=\/wp\/v2\/pages"}],"about":[{"href":"https:\/\/juanjocarracedo.es\/index.php?rest_route=\/wp\/v2\/types\/page"}],"author":[{"embeddable":true,"href":"https:\/\/juanjocarracedo.es\/index.php?rest_route=\/wp\/v2\/users\/1"}],"replies":[{"embeddable":true,"href":"https:\/\/juanjocarracedo.es\/index.php?rest_route=%2Fwp%2Fv2%2Fcomments&post=5"}],"version-history":[{"count":5,"href":"https:\/\/juanjocarracedo.es\/index.php?rest_route=\/wp\/v2\/pages\/5\/revisions"}],"predecessor-version":[{"id":106,"href":"https:\/\/juanjocarracedo.es\/index.php?rest_route=\/wp\/v2\/pages\/5\/revisions\/106"}],"wp:attachment":[{"href":"https:\/\/juanjocarracedo.es\/index.php?rest_route=%2Fwp%2Fv2%2Fmedia&parent=5"}],"curies":[{"name":"wp","href":"https:\/\/api.w.org\/{rel}","templated":true}]}}