{"id":4,"date":"2021-07-25T07:28:03","date_gmt":"2021-07-25T07:28:03","guid":{"rendered":"https:\/\/juanjocarracedo.es\/?page_id=4"},"modified":"2026-04-11T19:19:23","modified_gmt":"2026-04-11T19:19:23","slug":"create-your-website-with-blocks","status":"publish","type":"page","link":"https:\/\/juanjocarracedo.es\/","title":{"rendered":"Juanjo Carracedo"},"content":{"rendered":"\n<h2 class=\"wp-block-heading alignwide has-text-align-wide has-huge-font-size\" style=\"line-height:1.1\">Horas molladas<\/h2>\n\n\n\n<pre class=\"wp-block-preformatted has-large-font-size\">Publicado en A Coru\u00f1a, xaneiro 2024<br>Con ilustraci\u00f3ns de Alicia Gonz\u00e1lez Mangas<\/pre>\n\n\n\n<figure class=\"wp-block-gallery has-nested-images columns-2 is-cropped wp-block-gallery-1 is-layout-flex wp-block-gallery-is-layout-flex\">\n<figure class=\"wp-block-image size-large is-style-twentytwentyone-border\"><img loading=\"lazy\" decoding=\"async\" width=\"766\" height=\"1024\" data-id=\"131\" src=\"https:\/\/juanjocarracedo.es\/wp-content\/uploads\/2024\/04\/WhatsApp-Image-2024-04-19-at-21.23.48-766x1024.jpeg\" alt=\"\" class=\"wp-image-131\" srcset=\"https:\/\/juanjocarracedo.es\/wp-content\/uploads\/2024\/04\/WhatsApp-Image-2024-04-19-at-21.23.48-766x1024.jpeg 766w, https:\/\/juanjocarracedo.es\/wp-content\/uploads\/2024\/04\/WhatsApp-Image-2024-04-19-at-21.23.48-224x300.jpeg 224w, https:\/\/juanjocarracedo.es\/wp-content\/uploads\/2024\/04\/WhatsApp-Image-2024-04-19-at-21.23.48-768x1027.jpeg 768w, https:\/\/juanjocarracedo.es\/wp-content\/uploads\/2024\/04\/WhatsApp-Image-2024-04-19-at-21.23.48-1149x1536.jpeg 1149w, https:\/\/juanjocarracedo.es\/wp-content\/uploads\/2024\/04\/WhatsApp-Image-2024-04-19-at-21.23.48.jpeg 1496w\" sizes=\"auto, (max-width: 766px) 100vw, 766px\" \/><\/figure>\n\n\n\n<figure class=\"wp-block-image size-large\"><img loading=\"lazy\" decoding=\"async\" width=\"766\" height=\"1024\" data-id=\"128\" src=\"https:\/\/juanjocarracedo.es\/wp-content\/uploads\/2024\/04\/WhatsApp-Image-2024-04-19-at-21.10.55-1-766x1024.jpeg\" alt=\"\" class=\"wp-image-128\" srcset=\"https:\/\/juanjocarracedo.es\/wp-content\/uploads\/2024\/04\/WhatsApp-Image-2024-04-19-at-21.10.55-1-766x1024.jpeg 766w, https:\/\/juanjocarracedo.es\/wp-content\/uploads\/2024\/04\/WhatsApp-Image-2024-04-19-at-21.10.55-1-224x300.jpeg 224w, https:\/\/juanjocarracedo.es\/wp-content\/uploads\/2024\/04\/WhatsApp-Image-2024-04-19-at-21.10.55-1-768x1027.jpeg 768w, https:\/\/juanjocarracedo.es\/wp-content\/uploads\/2024\/04\/WhatsApp-Image-2024-04-19-at-21.10.55-1-1149x1536.jpeg 1149w, https:\/\/juanjocarracedo.es\/wp-content\/uploads\/2024\/04\/WhatsApp-Image-2024-04-19-at-21.10.55-1.jpeg 1496w\" sizes=\"auto, (max-width: 766px) 100vw, 766px\" \/><\/figure>\n\n\n\n<figure class=\"wp-block-image size-large\"><img loading=\"lazy\" decoding=\"async\" width=\"766\" height=\"1024\" data-id=\"126\" src=\"https:\/\/juanjocarracedo.es\/wp-content\/uploads\/2024\/04\/WhatsApp-Image-2024-04-19-at-21.07.23-766x1024.jpeg\" alt=\"\" class=\"wp-image-126\" srcset=\"https:\/\/juanjocarracedo.es\/wp-content\/uploads\/2024\/04\/WhatsApp-Image-2024-04-19-at-21.07.23-766x1024.jpeg 766w, https:\/\/juanjocarracedo.es\/wp-content\/uploads\/2024\/04\/WhatsApp-Image-2024-04-19-at-21.07.23-224x300.jpeg 224w, https:\/\/juanjocarracedo.es\/wp-content\/uploads\/2024\/04\/WhatsApp-Image-2024-04-19-at-21.07.23-768x1027.jpeg 768w, https:\/\/juanjocarracedo.es\/wp-content\/uploads\/2024\/04\/WhatsApp-Image-2024-04-19-at-21.07.23-1149x1536.jpeg 1149w, https:\/\/juanjocarracedo.es\/wp-content\/uploads\/2024\/04\/WhatsApp-Image-2024-04-19-at-21.07.23.jpeg 1496w\" sizes=\"auto, (max-width: 766px) 100vw, 766px\" \/><\/figure>\n\n\n\n<figure class=\"wp-block-image size-large is-style-twentytwentyone-border\"><img loading=\"lazy\" decoding=\"async\" width=\"766\" height=\"1024\" data-id=\"133\" src=\"https:\/\/juanjocarracedo.es\/wp-content\/uploads\/2024\/04\/WhatsApp-Image-2024-04-19-at-21.23.37-1-766x1024.jpeg\" alt=\"\" class=\"wp-image-133\" srcset=\"https:\/\/juanjocarracedo.es\/wp-content\/uploads\/2024\/04\/WhatsApp-Image-2024-04-19-at-21.23.37-1-766x1024.jpeg 766w, https:\/\/juanjocarracedo.es\/wp-content\/uploads\/2024\/04\/WhatsApp-Image-2024-04-19-at-21.23.37-1-224x300.jpeg 224w, https:\/\/juanjocarracedo.es\/wp-content\/uploads\/2024\/04\/WhatsApp-Image-2024-04-19-at-21.23.37-1-768x1027.jpeg 768w, https:\/\/juanjocarracedo.es\/wp-content\/uploads\/2024\/04\/WhatsApp-Image-2024-04-19-at-21.23.37-1-1149x1536.jpeg 1149w, https:\/\/juanjocarracedo.es\/wp-content\/uploads\/2024\/04\/WhatsApp-Image-2024-04-19-at-21.23.37-1.jpeg 1496w\" sizes=\"auto, (max-width: 766px) 100vw, 766px\" \/><\/figure>\n<\/figure>\n\n\n\n<figure class=\"wp-block-gallery has-nested-images columns-default is-cropped wp-block-gallery-2 is-layout-flex wp-block-gallery-is-layout-flex\"><\/figure>\n\n\n\n<h5 class=\"wp-block-heading\">Limpeza (Horas molladas)  por Ada Carracedo<\/h5>\n\n\n\n<figure class=\"wp-block-video\"><video height=\"480\" style=\"aspect-ratio: 848 \/ 480;\" width=\"848\" controls src=\"https:\/\/juanjocarracedo.es\/wp-content\/uploads\/2026\/04\/HorasMolladasVideoArte.mp4\"><\/video><\/figure>\n\n\n\n<h2 class=\"wp-block-heading alignwide has-text-align-wide has-huge-font-size\" style=\"line-height:1.1\">&#8230;Del cielo bajan<\/h2>\n\n\n\n<pre class=\"wp-block-preformatted has-large-font-size\">Publicado en Madrid, enero 2021<\/pre>\n\n\n\n<div style=\"height:100px\" aria-hidden=\"true\" class=\"wp-block-spacer\"><\/div>\n\n\n\n<div class=\"wp-block-columns alignwide are-vertically-aligned-center is-style-twentytwentyone-columns-overlap is-layout-flex wp-container-core-columns-is-layout-9d6595d7 wp-block-columns-is-layout-flex\">\n<div class=\"wp-block-column is-vertically-aligned-center is-layout-flow wp-block-column-is-layout-flow\">\n<div class=\"wp-block-columns is-layout-flex wp-container-core-columns-is-layout-9d6595d7 wp-block-columns-is-layout-flex\">\n<div class=\"wp-block-column is-layout-flow wp-block-column-is-layout-flow\" style=\"flex-basis:100%\">\n<pre class=\"wp-block-verse\">SOLEDAD\nY si no hay espejos\narr\u00e9glate con verte a medias\no a tres cuartos\ncon buena voluntad\narr\u00e9glate igualmente\n                                         el pelo\nque si llueve\ncualquier charco es bueno\npara hablarte de peinados\ny ofrecerte un t\u00fa completo\nhasta que pueda yo volver a reflejarte.<\/pre>\n<\/div>\n<\/div>\n<\/div>\n\n\n\n<div class=\"wp-block-column is-vertically-aligned-center is-layout-flow wp-block-column-is-layout-flow\">\n<figure class=\"wp-block-image size-large alignfull size-full is-style-twentytwentyone-border\"><img loading=\"lazy\" decoding=\"async\" width=\"766\" height=\"1024\" src=\"https:\/\/juanjocarracedo.es\/wp-content\/uploads\/2021\/07\/IMG-20201216-WA0004-766x1024.jpg\" alt=\"\" class=\"wp-image-25\" srcset=\"https:\/\/juanjocarracedo.es\/wp-content\/uploads\/2021\/07\/IMG-20201216-WA0004-766x1024.jpg 766w, https:\/\/juanjocarracedo.es\/wp-content\/uploads\/2021\/07\/IMG-20201216-WA0004-224x300.jpg 224w, https:\/\/juanjocarracedo.es\/wp-content\/uploads\/2021\/07\/IMG-20201216-WA0004-768x1027.jpg 768w, https:\/\/juanjocarracedo.es\/wp-content\/uploads\/2021\/07\/IMG-20201216-WA0004-1149x1536.jpg 1149w, https:\/\/juanjocarracedo.es\/wp-content\/uploads\/2021\/07\/IMG-20201216-WA0004.jpg 1496w\" sizes=\"auto, (max-width: 766px) 100vw, 766px\" \/><\/figure>\n<\/div>\n<\/div>\n\n\n\n<div style=\"height:50px\" aria-hidden=\"true\" class=\"wp-block-spacer\"><\/div>\n\n\n\n<div style=\"height:100px\" aria-hidden=\"true\" class=\"wp-block-spacer\"><\/div>\n\n\n\n<figure class=\"wp-block-video\"><video height=\"1080\" style=\"aspect-ratio: 1920 \/ 1080;\" width=\"1920\" controls src=\"https:\/\/juanjocarracedo.es\/wp-content\/uploads\/2021\/09\/Del-cielo-bajan-1.mp4\"><\/video><figcaption class=\"wp-element-caption\">&#8230;Del cielo bajan, por V\u00edctor Luiz Riona<\/figcaption><\/figure>\n\n\n\n<h2 class=\"wp-block-heading\"><\/h2>\n\n\n","protected":false},"excerpt":{"rendered":"<p>Horas molladas Publicado en A Coru\u00f1a, xaneiro 2024Con ilustraci\u00f3ns de Alicia Gonz\u00e1lez Mangas Limpeza (Horas molladas) por Ada Carracedo &#8230;Del cielo bajan Publicado en Madrid, enero 2021 SOLEDAD Y si no hay espejos arr\u00e9glate con verte a medias o a tres cuartos con buena voluntad arr\u00e9glate igualmente el pelo que si llueve cualquier charco es&hellip; <a class=\"more-link\" href=\"https:\/\/juanjocarracedo.es\/\">Seguir leyendo <span class=\"screen-reader-text\">Juanjo Carracedo<\/span><\/a><\/p>\n","protected":false},"author":1,"featured_media":0,"parent":0,"menu_order":0,"comment_status":"closed","ping_status":"closed","template":"","meta":{"om_disable_all_campaigns":false,"_monsterinsights_skip_tracking":false,"_monsterinsights_sitenote_active":false,"_monsterinsights_sitenote_note":"","_monsterinsights_sitenote_category":0,"footnotes":""},"class_list":["post-4","page","type-page","status-publish","hentry","entry"],"aioseo_notices":[],"_links":{"self":[{"href":"https:\/\/juanjocarracedo.es\/index.php?rest_route=\/wp\/v2\/pages\/4","targetHints":{"allow":["GET"]}}],"collection":[{"href":"https:\/\/juanjocarracedo.es\/index.php?rest_route=\/wp\/v2\/pages"}],"about":[{"href":"https:\/\/juanjocarracedo.es\/index.php?rest_route=\/wp\/v2\/types\/page"}],"author":[{"embeddable":true,"href":"https:\/\/juanjocarracedo.es\/index.php?rest_route=\/wp\/v2\/users\/1"}],"replies":[{"embeddable":true,"href":"https:\/\/juanjocarracedo.es\/index.php?rest_route=%2Fwp%2Fv2%2Fcomments&post=4"}],"version-history":[{"count":10,"href":"https:\/\/juanjocarracedo.es\/index.php?rest_route=\/wp\/v2\/pages\/4\/revisions"}],"predecessor-version":[{"id":165,"href":"https:\/\/juanjocarracedo.es\/index.php?rest_route=\/wp\/v2\/pages\/4\/revisions\/165"}],"wp:attachment":[{"href":"https:\/\/juanjocarracedo.es\/index.php?rest_route=%2Fwp%2Fv2%2Fmedia&parent=4"}],"curies":[{"name":"wp","href":"https:\/\/api.w.org\/{rel}","templated":true}]}}